{"id":541,"date":"2018-11-27T09:17:08","date_gmt":"2018-11-27T09:17:08","guid":{"rendered":"https:\/\/riadnoasid.com\/?page_id=541"},"modified":"2025-07-07T11:41:57","modified_gmt":"2025-07-07T10:41:57","slug":"about","status":"publish","type":"page","link":"https:\/\/riadnoasid.com\/es\/about\/","title":{"rendered":"About"},"content":{"rendered":"<div data-elementor-type=\"wp-post\" data-elementor-id=\"541\" class=\"elementor elementor-541\" data-elementor-settings=\"{&quot;ha_cmc_init_switcher&quot;:&quot;no&quot;}\" data-elementor-post-type=\"page\">\n\t\t\t\t\t\t<section class=\"elementor-section elementor-top-section elementor-element elementor-element-d7d8b56 elementor-section-boxed elementor-section-height-default elementor-section-height-default\" data-id=\"d7d8b56\" data-element_type=\"section\" data-e-type=\"section\" data-settings=\"{&quot;background_background&quot;:&quot;classic&quot;,&quot;_ha_eqh_enable&quot;:false}\">\n\t\t\t\t\t\t\t<div class=\"elementor-background-overlay\"><\/div>\n\t\t\t\t\t\t\t<div class=\"elementor-container elementor-column-gap-default\">\n\t\t\t\t\t<div class=\"elementor-column elementor-col-100 elementor-top-column elementor-element elementor-element-fd69444\" data-id=\"fd69444\" data-element_type=\"column\" data-e-type=\"column\">\n\t\t\t<div class=\"elementor-widget-wrap elementor-element-populated\">\n\t\t\t\t\t\t<div class=\"elementor-element elementor-element-abcc2f2 elementor-widget elementor-widget-heading\" data-id=\"abcc2f2\" data-element_type=\"widget\" data-e-type=\"widget\" data-widget_type=\"heading.default\">\n\t\t\t\t<div class=\"elementor-widget-container\">\n\t\t\t\t\t<h1 class=\"elementor-heading-title elementor-size-default\">Acerca de Riad Noasid<\/h1>\t\t\t\t<\/div>\n\t\t\t\t<\/div>\n\t\t\t\t\t<\/div>\n\t\t<\/div>\n\t\t\t\t\t<\/div>\n\t\t<\/section>\n\t\t\t\t<section class=\"elementor-section elementor-top-section elementor-element elementor-element-5c40d7b elementor-section-boxed elementor-section-height-default elementor-section-height-default\" data-id=\"5c40d7b\" data-element_type=\"section\" data-e-type=\"section\" data-settings=\"{&quot;_ha_eqh_enable&quot;:false}\">\n\t\t\t\t\t\t<div class=\"elementor-container elementor-column-gap-default\">\n\t\t\t\t\t<div class=\"elementor-column elementor-col-50 elementor-top-column elementor-element elementor-element-2ebbf9c\" data-id=\"2ebbf9c\" data-element_type=\"column\" data-e-type=\"column\">\n\t\t\t<div class=\"elementor-widget-wrap elementor-element-populated\">\n\t\t\t\t\t\t<div class=\"elementor-element elementor-element-fe195c7 elementor-widget elementor-widget-heading\" data-id=\"fe195c7\" data-element_type=\"widget\" data-e-type=\"widget\" data-widget_type=\"heading.default\">\n\t\t\t\t<div class=\"elementor-widget-container\">\n\t\t\t\t\t<h2 class=\"elementor-heading-title elementor-size-default\">\u00bfPor Qu\u00e9 Elegir el Riad Noasid?<\/h2>\t\t\t\t<\/div>\n\t\t\t\t<\/div>\n\t\t\t\t<div class=\"elementor-element elementor-element-dc051dd elementor-widget-divider--view-line elementor-widget elementor-widget-divider\" data-id=\"dc051dd\" data-element_type=\"widget\" data-e-type=\"widget\" data-widget_type=\"divider.default\">\n\t\t\t\t<div class=\"elementor-widget-container\">\n\t\t\t\t\t\t\t<div class=\"elementor-divider\">\n\t\t\t<span class=\"elementor-divider-separator\">\n\t\t\t\t\t\t<\/span>\n\t\t<\/div>\n\t\t\t\t\t\t<\/div>\n\t\t\t\t<\/div>\n\t\t\t\t<div class=\"elementor-element elementor-element-cb75991 elementor-widget elementor-widget-spacer\" data-id=\"cb75991\" data-element_type=\"widget\" data-e-type=\"widget\" data-widget_type=\"spacer.default\">\n\t\t\t\t<div class=\"elementor-widget-container\">\n\t\t\t\t\t\t\t<div class=\"elementor-spacer\">\n\t\t\t<div class=\"elementor-spacer-inner\"><\/div>\n\t\t<\/div>\n\t\t\t\t\t\t<\/div>\n\t\t\t\t<\/div>\n\t\t\t\t<div class=\"elementor-element elementor-element-5dcd18a elementor-widget elementor-widget-text-editor\" data-id=\"5dcd18a\" data-element_type=\"widget\" data-e-type=\"widget\" data-widget_type=\"text-editor.default\">\n\t\t\t\t<div class=\"elementor-widget-container\">\n\t\t\t\t\t\t\t\t\t<h5><strong>Ubicaci\u00f3n Privilegiada<\/strong>:<\/h5><p><strong>\u00a0<\/strong>Situado en un barrio emblem\u00e1tico en pleno coraz\u00f3n de la Medina de Marrakech, El Riad Noasid ha sido completamente restaurado y amueblado, fusionando la aut\u00e9ntica tradici\u00f3n marroqu\u00ed con elementos de dise\u00f1o y confort modernos.<\/p><h5><strong>Viva la Experiencia de la Medina:<\/strong><\/h5><p>Alojarse aqu\u00ed le permitir\u00e1 perderse con facilidad en el encantador laberinto de calles animadas de la medina. La plaza central de Djemaa el\u2011Fna y otros monumentos emblem\u00e1ticos se encuentran a pocos minutos a pie.<a href=\"https:\/\/riadnoasid.com\/es\/p\/noasid-location.html\/\">\u00a0<\/a><a href=\"https:\/\/riadnoasid.com\/es\/location\/#Riad-Noasid-Location\"><span class=\"linkTo\">VER EN EL MAPA<\/span>.<\/a><\/p><h5><strong data-start=\"510\" data-end=\"537\">Alojamientos con Encanto:<\/strong><\/h5><p>El Riad Noasid cuenta con seis acogedoras habitaciones, cada una decorada con un estilo \u00fanico. <a href=\"https:\/\/riadnoasid.com\/es\/noasid-rooms\/\"><span class=\"linkTo\">VER TODAS NUESTRAS HABITACIONES.<\/span><\/a><\/p><h5><strong data-start=\"627\" data-end=\"653\">Servicios Completos:<\/strong><\/h5><p><strong data-start=\"627\" data-end=\"653\">\u00a0<\/strong>Ofrecemos una amplia gama de servicios tanto dentro del riad como fuera de \u00e9l.<a href=\"https:\/\/riadnoasid.com\/es\/noasid-services\/\"><span class=\"linkTo\"> M\u00c1S INFORMACI\u00d3N.<\/span><\/a><\/p><h5><strong data-start=\"743\" data-end=\"769\">Excursiones y Escapadas:\u00a0<\/strong><\/h5><p>Descubra el desierto, el Alto Atlas y la costa atl\u00e1ntica con nuestras excursiones guiadas. <a href=\"https:\/\/riadnoasid.com\/es\/noasid-excursions\/\"><span class=\"linkTo\">M\u00c1S INFORMACI\u00d3N.<\/span><\/a>\u00a0<\/p><h5><strong data-start=\"877\" data-end=\"900\">Experiencia Gastron\u00f3mica:<\/strong><\/h5><p><strong data-start=\"877\" data-end=\"900\">\u00a0<\/strong>Disfrute de nuestro men\u00fa de especialidades marroqu\u00edes, elaborado con productos frescos de mercado y servido en el patio o en la terraza. <a href=\"https:\/\/riadnoasid.com\/es\/noasid-restauration\/\"><span class=\"linkTo\">M\u00c1S INFORMACI\u00d3N.<\/span><\/a>\u00a0<\/p><h5><strong data-start=\"1043\" data-end=\"1077\">Una Estancia Inolvidable le Espera:\u00a0<\/strong><\/h5><p>No espere m\u00e1s: venga y viva una experiencia inolvidable en el Riad Noasid.<\/p>\t\t\t\t\t\t\t\t<\/div>\n\t\t\t\t<\/div>\n\t\t\t\t\t<\/div>\n\t\t<\/div>\n\t\t\t\t<div class=\"elementor-column elementor-col-50 elementor-top-column elementor-element elementor-element-e5fdae0\" data-id=\"e5fdae0\" data-element_type=\"column\" data-e-type=\"column\">\n\t\t\t<div class=\"elementor-widget-wrap elementor-element-populated\">\n\t\t\t\t\t\t<div class=\"elementor-element elementor-element-96b5b53 elementor-widget__width-initial elementor-widget elementor-widget-image\" data-id=\"96b5b53\" data-element_type=\"widget\" data-e-type=\"widget\" data-widget_type=\"image.default\">\n\t\t\t\t<div class=\"elementor-widget-container\">\n\t\t\t\t\t\t\t\t\t\t\t\t\t\t\t<img fetchpriority=\"high\" decoding=\"async\" width=\"710\" height=\"915\" src=\"https:\/\/riadnoasid.com\/wp-content\/uploads\/2025\/01\/Patio-Riad-Noasid.jpg\" class=\"attachment-full size-full wp-image-5441\" alt=\"\" srcset=\"https:\/\/riadnoasid.com\/wp-content\/uploads\/2025\/01\/Patio-Riad-Noasid.jpg 710w, https:\/\/riadnoasid.com\/wp-content\/uploads\/2025\/01\/Patio-Riad-Noasid-233x300.jpg 233w, https:\/\/riadnoasid.com\/wp-content\/uploads\/2025\/01\/Patio-Riad-Noasid-9x12.jpg 9w\" sizes=\"(max-width: 710px) 100vw, 710px\" \/>\t\t\t\t\t\t\t\t\t\t\t\t\t\t\t<\/div>\n\t\t\t\t<\/div>\n\t\t\t\t\t<\/div>\n\t\t<\/div>\n\t\t\t\t\t<\/div>\n\t\t<\/section>\n\t\t\t\t<\/div>","protected":false},"excerpt":{"rendered":"<p>About Riad Noasid Why choose Riad Noasid? Prime Location: \u00a0Nestled in a quintessential neighborhood at the heart of Marrakech\u2019s Medina, Riad Noasid has been f ully restored and furnished, blending authentic Moroccan tradition with modern design and comfort.\u201d Immerse Yourself in the Medina: Staying here allows you to effortlessly wander through the enchanting maze of [&hellip;]<\/p>\n","protected":false},"author":1,"featured_media":0,"parent":0,"menu_order":0,"comment_status":"closed","ping_status":"closed","template":"","meta":{"site-sidebar-layout":"no-sidebar","site-content-layout":"page-builder","ast-site-content-layout":"default","site-content-style":"default","site-sidebar-style":"default","ast-global-header-display":"","ast-banner-title-visibility":"","ast-main-header-display":"","ast-hfb-above-header-display":"","ast-hfb-below-header-display":"","ast-hfb-mobile-header-display":"","site-post-title":"disabled","ast-breadcrumbs-content":"","ast-featured-img":"disabled","footer-sml-layout":"","ast-disable-related-posts":"","theme-transparent-header-meta":"enabled","adv-header-id-meta":"","stick-header-meta":"","header-above-stick-meta":"","header-main-stick-meta":"","header-below-stick-meta":"","astra-migrate-meta-layouts":"default","ast-page-background-enabled":"default","ast-page-background-meta":{"desktop":{"background-color":"","background-image":"","background-repeat":"repeat","background-position":"center center","background-size":"auto","background-attachment":"scroll","background-type":"","background-media":"","overlay-type":"","overlay-color":"","overlay-opacity":"","overlay-gradient":""},"tablet":{"background-color":"","background-image":"","background-repeat":"repeat","background-position":"center center","background-size":"auto","background-attachment":"scroll","background-type":"","background-media":"","overlay-type":"","overlay-color":"","overlay-opacity":"","overlay-gradient":""},"mobile":{"background-color":"","background-image":"","background-repeat":"repeat","background-position":"center center","background-size":"auto","background-attachment":"scroll","background-type":"","background-media":"","overlay-type":"","overlay-color":"","overlay-opacity":"","overlay-gradient":""}},"ast-content-background-meta":{"desktop":{"background-color":"var(--ast-global-color-5)","background-image":"","background-repeat":"repeat","background-position":"center center","background-size":"auto","background-attachment":"scroll","background-type":"","background-media":"","overlay-type":"","overlay-color":"","overlay-opacity":"","overlay-gradient":""},"tablet":{"background-color":"var(--ast-global-color-5)","background-image":"","background-repeat":"repeat","background-position":"center center","background-size":"auto","background-attachment":"scroll","background-type":"","background-media":"","overlay-type":"","overlay-color":"","overlay-opacity":"","overlay-gradient":""},"mobile":{"background-color":"var(--ast-global-color-5)","background-image":"","background-repeat":"repeat","background-position":"center center","background-size":"auto","background-attachment":"scroll","background-type":"","background-media":"","overlay-type":"","overlay-color":"","overlay-opacity":"","overlay-gradient":""}},"footnotes":""},"class_list":["post-541","page","type-page","status-publish","hentry"],"yoast_head":"<!-- This site is optimized with the Yoast SEO plugin v27.2 - https:\/\/yoast.com\/product\/yoast-seo-wordpress\/ -->\n<title>About - Guest house , hotel, Bed &amp; Breakfast Marrakech,riad Marrakech,traditional riad in Marrakech,riad in Marrakech medina,Marrakech guesthouse riad,authentic Moroccan riad,stay in a riad Marrakech,traditional riad with private courtyard Marrakech,riad stay in Marrakesh medina near Jemaa el\u2011Fna<\/title>\n<meta name=\"description\" content=\"About Riad Noasid Why choose Riad Noasid? Prime Location:\u00a0Nestled in a quintessential neighborhood at the heart of Marrakech\u2019s Medina, Riad Noasid has\" \/>\n<meta name=\"robots\" content=\"index, follow, max-snippet:-1, max-image-preview:large, max-video-preview:-1\" \/>\n<link rel=\"canonical\" href=\"https:\/\/riadnoasid.com\/es\/about\/\" \/>\n<meta property=\"og:locale\" content=\"es_ES\" \/>\n<meta property=\"og:type\" content=\"article\" \/>\n<meta property=\"og:title\" content=\"About - Guest house , hotel, Bed &amp; Breakfast Marrakech,riad Marrakech,traditional riad in Marrakech,riad in Marrakech medina,Marrakech guesthouse riad,authentic Moroccan riad,stay in a riad Marrakech,traditional riad with private courtyard Marrakech,riad stay in Marrakesh medina near Jemaa el\u2011Fna\" \/>\n<meta property=\"og:description\" content=\"About Riad Noasid Why choose Riad Noasid? Prime Location:\u00a0Nestled in a quintessential neighborhood at the heart of Marrakech\u2019s Medina, Riad Noasid has\" \/>\n<meta property=\"og:url\" content=\"https:\/\/riadnoasid.com\/es\/about\/\" \/>\n<meta property=\"og:site_name\" content=\"Riad Noasid\" \/>\n<meta property=\"article:modified_time\" content=\"2025-07-07T10:41:57+00:00\" \/>\n<meta property=\"og:image\" content=\"https:\/\/riadnoasid.com\/wp-content\/uploads\/2023\/08\/Riad-photoshop.png\" \/>\n<meta name=\"twitter:card\" content=\"summary_large_image\" \/>\n<meta name=\"twitter:label1\" content=\"Tiempo de lectura\" \/>\n\t<meta name=\"twitter:data1\" content=\"1 minuto\" \/>\n<script type=\"application\/ld+json\" class=\"yoast-schema-graph\">{\"@context\":\"https:\/\/schema.org\",\"@graph\":[{\"@type\":\"WebPage\",\"@id\":\"https:\/\/riadnoasid.com\/about\/\",\"url\":\"https:\/\/riadnoasid.com\/about\/\",\"name\":\"About - Guest house , hotel, Bed &amp; Breakfast Marrakech,riad Marrakech,traditional riad in Marrakech,riad in Marrakech medina,Marrakech guesthouse riad,authentic Moroccan riad,stay in a riad Marrakech,traditional riad with private courtyard Marrakech,riad stay in Marrakesh medina near Jemaa el\u2011Fna\",\"isPartOf\":{\"@id\":\"https:\/\/riadnoasid.com\/#website\"},\"primaryImageOfPage\":{\"@id\":\"https:\/\/riadnoasid.com\/about\/#primaryimage\"},\"image\":{\"@id\":\"https:\/\/riadnoasid.com\/about\/#primaryimage\"},\"thumbnailUrl\":\"https:\/\/riadnoasid.com\/wp-content\/uploads\/2025\/01\/Patio-Riad-Noasid.jpg\",\"datePublished\":\"2018-11-27T09:17:08+00:00\",\"dateModified\":\"2025-07-07T10:41:57+00:00\",\"description\":\"About Riad Noasid Why choose Riad Noasid? Prime Location:\u00a0Nestled in a quintessential neighborhood at the heart of Marrakech\u2019s Medina, Riad Noasid has\",\"breadcrumb\":{\"@id\":\"https:\/\/riadnoasid.com\/about\/#breadcrumb\"},\"inLanguage\":\"es\",\"potentialAction\":[{\"@type\":\"ReadAction\",\"target\":[\"https:\/\/riadnoasid.com\/about\/\"]}]},{\"@type\":\"ImageObject\",\"inLanguage\":\"es\",\"@id\":\"https:\/\/riadnoasid.com\/about\/#primaryimage\",\"url\":\"https:\/\/riadnoasid.com\/wp-content\/uploads\/2025\/01\/Patio-Riad-Noasid.jpg\",\"contentUrl\":\"https:\/\/riadnoasid.com\/wp-content\/uploads\/2025\/01\/Patio-Riad-Noasid.jpg\"},{\"@type\":\"BreadcrumbList\",\"@id\":\"https:\/\/riadnoasid.com\/about\/#breadcrumb\",\"itemListElement\":[{\"@type\":\"ListItem\",\"position\":1,\"name\":\"Home\",\"item\":\"https:\/\/riadnoasid.com\/\"},{\"@type\":\"ListItem\",\"position\":2,\"name\":\"About\"}]},{\"@type\":\"WebSite\",\"@id\":\"https:\/\/riadnoasid.com\/#website\",\"url\":\"https:\/\/riadnoasid.com\/\",\"name\":\"riadnoasid.com\",\"description\":\"Guest house , hotel, Bed &amp; Breakfast Marrakech,riad Marrakech,traditional riad in Marrakech,riad in Marrakech medina,Marrakech guesthouse riad,authentic Moroccan riad,stay in a riad Marrakech,traditional riad with private courtyard Marrakech,riad stay in Marrakesh medina near Jemaa el\u2011Fna\",\"publisher\":{\"@id\":\"https:\/\/riadnoasid.com\/#organization\"},\"alternateName\":\"riadnoasid.com\",\"potentialAction\":[{\"@type\":\"SearchAction\",\"target\":{\"@type\":\"EntryPoint\",\"urlTemplate\":\"https:\/\/riadnoasid.com\/?s={search_term_string}\"},\"query-input\":{\"@type\":\"PropertyValueSpecification\",\"valueRequired\":true,\"valueName\":\"search_term_string\"}}],\"inLanguage\":\"es\"},{\"@type\":\"Organization\",\"@id\":\"https:\/\/riadnoasid.com\/#organization\",\"name\":\"Riad Noasid\",\"url\":\"https:\/\/riadnoasid.com\/\",\"logo\":{\"@type\":\"ImageObject\",\"inLanguage\":\"es\",\"@id\":\"https:\/\/riadnoasid.com\/#\/schema\/logo\/image\/\",\"url\":\"https:\/\/riadnoasid.com\/wp-content\/uploads\/2024\/06\/Logo-Riad-Noasid.png\",\"contentUrl\":\"https:\/\/riadnoasid.com\/wp-content\/uploads\/2024\/06\/Logo-Riad-Noasid.png\",\"width\":696,\"height\":696,\"caption\":\"Riad Noasid\"},\"image\":{\"@id\":\"https:\/\/riadnoasid.com\/#\/schema\/logo\/image\/\"}}]}<\/script>\n<!-- \/ Yoast SEO plugin. -->","yoast_head_json":{"title":"About - Guest house , hotel, Bed &amp; Breakfast Marrakech,riad Marrakech,traditional riad in Marrakech,riad in Marrakech medina,Marrakech guesthouse riad,authentic Moroccan riad,stay in a riad Marrakech,traditional riad with private courtyard Marrakech,riad stay in Marrakesh medina near Jemaa el\u2011Fna","description":"About Riad Noasid Why choose Riad Noasid? Prime Location:\u00a0Nestled in a quintessential neighborhood at the heart of Marrakech\u2019s Medina, Riad Noasid has","robots":{"index":"index","follow":"follow","max-snippet":"max-snippet:-1","max-image-preview":"max-image-preview:large","max-video-preview":"max-video-preview:-1"},"canonical":"https:\/\/riadnoasid.com\/es\/about\/","og_locale":"es_ES","og_type":"article","og_title":"About - Guest house , hotel, Bed &amp; Breakfast Marrakech,riad Marrakech,traditional riad in Marrakech,riad in Marrakech medina,Marrakech guesthouse riad,authentic Moroccan riad,stay in a riad Marrakech,traditional riad with private courtyard Marrakech,riad stay in Marrakesh medina near Jemaa el\u2011Fna","og_description":"About Riad Noasid Why choose Riad Noasid? Prime Location:\u00a0Nestled in a quintessential neighborhood at the heart of Marrakech\u2019s Medina, Riad Noasid has","og_url":"https:\/\/riadnoasid.com\/es\/about\/","og_site_name":"Riad Noasid","article_modified_time":"2025-07-07T10:41:57+00:00","og_image":[{"url":"https:\/\/riadnoasid.com\/wp-content\/uploads\/2023\/08\/Riad-photoshop.png","type":"","width":"","height":""}],"twitter_card":"summary_large_image","twitter_misc":{"Tiempo de lectura":"1 minuto"},"schema":{"@context":"https:\/\/schema.org","@graph":[{"@type":"WebPage","@id":"https:\/\/riadnoasid.com\/about\/","url":"https:\/\/riadnoasid.com\/about\/","name":"About - Guest house , hotel, Bed &amp; Breakfast Marrakech,riad Marrakech,traditional riad in Marrakech,riad in Marrakech medina,Marrakech guesthouse riad,authentic Moroccan riad,stay in a riad Marrakech,traditional riad with private courtyard Marrakech,riad stay in Marrakesh medina near Jemaa el\u2011Fna","isPartOf":{"@id":"https:\/\/riadnoasid.com\/#website"},"primaryImageOfPage":{"@id":"https:\/\/riadnoasid.com\/about\/#primaryimage"},"image":{"@id":"https:\/\/riadnoasid.com\/about\/#primaryimage"},"thumbnailUrl":"https:\/\/riadnoasid.com\/wp-content\/uploads\/2025\/01\/Patio-Riad-Noasid.jpg","datePublished":"2018-11-27T09:17:08+00:00","dateModified":"2025-07-07T10:41:57+00:00","description":"About Riad Noasid Why choose Riad Noasid? Prime Location:\u00a0Nestled in a quintessential neighborhood at the heart of Marrakech\u2019s Medina, Riad Noasid has","breadcrumb":{"@id":"https:\/\/riadnoasid.com\/about\/#breadcrumb"},"inLanguage":"es","potentialAction":[{"@type":"ReadAction","target":["https:\/\/riadnoasid.com\/about\/"]}]},{"@type":"ImageObject","inLanguage":"es","@id":"https:\/\/riadnoasid.com\/about\/#primaryimage","url":"https:\/\/riadnoasid.com\/wp-content\/uploads\/2025\/01\/Patio-Riad-Noasid.jpg","contentUrl":"https:\/\/riadnoasid.com\/wp-content\/uploads\/2025\/01\/Patio-Riad-Noasid.jpg"},{"@type":"BreadcrumbList","@id":"https:\/\/riadnoasid.com\/about\/#breadcrumb","itemListElement":[{"@type":"ListItem","position":1,"name":"Home","item":"https:\/\/riadnoasid.com\/"},{"@type":"ListItem","position":2,"name":"About"}]},{"@type":"WebSite","@id":"https:\/\/riadnoasid.com\/#website","url":"https:\/\/riadnoasid.com\/","name":"riadnoasid.com","description":"Guest house , hotel, Bed &amp; Breakfast Marrakech,riad Marrakech,traditional riad in Marrakech,riad in Marrakech medina,Marrakech guesthouse riad,authentic Moroccan riad,stay in a riad Marrakech,traditional riad with private courtyard Marrakech,riad stay in Marrakesh medina near Jemaa el\u2011Fna","publisher":{"@id":"https:\/\/riadnoasid.com\/#organization"},"alternateName":"riadnoasid.com","potentialAction":[{"@type":"SearchAction","target":{"@type":"EntryPoint","urlTemplate":"https:\/\/riadnoasid.com\/?s={search_term_string}"},"query-input":{"@type":"PropertyValueSpecification","valueRequired":true,"valueName":"search_term_string"}}],"inLanguage":"es"},{"@type":"Organization","@id":"https:\/\/riadnoasid.com\/#organization","name":"Riad Noasid","url":"https:\/\/riadnoasid.com\/","logo":{"@type":"ImageObject","inLanguage":"es","@id":"https:\/\/riadnoasid.com\/#\/schema\/logo\/image\/","url":"https:\/\/riadnoasid.com\/wp-content\/uploads\/2024\/06\/Logo-Riad-Noasid.png","contentUrl":"https:\/\/riadnoasid.com\/wp-content\/uploads\/2024\/06\/Logo-Riad-Noasid.png","width":696,"height":696,"caption":"Riad Noasid"},"image":{"@id":"https:\/\/riadnoasid.com\/#\/schema\/logo\/image\/"}}]}},"_links":{"self":[{"href":"https:\/\/riadnoasid.com\/es\/wp-json\/wp\/v2\/pages\/541","targetHints":{"allow":["GET"]}}],"collection":[{"href":"https:\/\/riadnoasid.com\/es\/wp-json\/wp\/v2\/pages"}],"about":[{"href":"https:\/\/riadnoasid.com\/es\/wp-json\/wp\/v2\/types\/page"}],"author":[{"embeddable":true,"href":"https:\/\/riadnoasid.com\/es\/wp-json\/wp\/v2\/users\/1"}],"replies":[{"embeddable":true,"href":"https:\/\/riadnoasid.com\/es\/wp-json\/wp\/v2\/comments?post=541"}],"version-history":[{"count":100,"href":"https:\/\/riadnoasid.com\/es\/wp-json\/wp\/v2\/pages\/541\/revisions"}],"predecessor-version":[{"id":6409,"href":"https:\/\/riadnoasid.com\/es\/wp-json\/wp\/v2\/pages\/541\/revisions\/6409"}],"wp:attachment":[{"href":"https:\/\/riadnoasid.com\/es\/wp-json\/wp\/v2\/media?parent=541"}],"curies":[{"name":"wp","href":"https:\/\/api.w.org\/{rel}","templated":true}]}}